{"id":9542,"date":"2021-11-08T14:36:38","date_gmt":"2021-11-08T17:36:38","guid":{"rendered":"https:\/\/grupomatulateatro.com\/?page_id=9542"},"modified":"2025-12-16T15:28:48","modified_gmt":"2025-12-16T18:28:48","slug":"erika-cunha","status":"publish","type":"page","link":"https:\/\/grupomatulateatro.com\/es\/erika-cunha\/","title":{"rendered":"Erika Cunha"},"content":{"rendered":"<p><img loading=\"lazy\" decoding=\"async\" class=\"wp-image-9828 size-medium alignleft\" src=\"https:\/\/grupomatulateatro.com\/wp-content\/uploads\/2021\/11\/erika-300x300.jpg\" alt=\"\" width=\"300\" height=\"300\" srcset=\"https:\/\/grupomatulateatro.com\/wp-content\/uploads\/2021\/11\/erika-300x300.jpg 300w, https:\/\/grupomatulateatro.com\/wp-content\/uploads\/2021\/11\/erika-150x150.jpg 150w, https:\/\/grupomatulateatro.com\/wp-content\/uploads\/2021\/11\/erika.jpg 500w\" sizes=\"auto, (max-width: 300px) 100vw, 300px\" \/><\/p>\n<p style=\"text-align: justify;\">Atriz e pesquisadora do Grupo Matula Teatro desde 2011, atuando em diversos espet\u00e1culos e interven\u00e7\u00f5es: T\u00c1 NA MESA (2023), LOGO ALI (2020), COMO SE FOSSE (2020), AGDA (2017), UM CONTO INFINITO (2016), JOGOS CORTAZIANOS (2015), IMAGO \u2013 UMA LUA N\u2019\u00c1GUA (2014), CIRCO K (2012), EXILIUS (2012) e PASSAGENS (2011).<br \/>\n\u00c9 gestora e produtora respons\u00e1vel pelo Grupo Matula Teatro.<br \/>\nFoi professora Substituta do Curso de Bacharelado em Artes C\u00eanicas da UNESP (julho\/2022 a fevereiro\/2023).<br \/>\nRealizou o projeto de P\u00f3s-doutorado no Programa Nacional de P\u00f3s-doutorado do Instituto de Artes da UNICAMP \u201cDramaturgias de Fronteira\u201d (2018 a 2020), com apoio financeiro do Programa Nacional de P\u00f3s Doutorado da CAPES (Coordena\u00e7\u00e3o de aperfei\u00e7oamento de Pessoal em N\u00edvel Superior).<br \/>\n\u00c9 doutora (2016) e mestre (2009) em Artes da Cena, pelo Instituto de Artes da Unicamp, com apoio financeiro da FAPESP (Funda\u00e7\u00e3o de Apoio \u00e0 Pesquisa do Estado de S\u00e3o Paulo).<br \/>\nBacharel em Interpreta\u00e7\u00e3o Teatro\/Artes C\u00eanicas, pela Escola de Comunica\u00e7\u00e3o e Artes da USP (2006).<br \/>\nArtista orientadora do Programa Qualifica\u00e7\u00e3o em Artes\/POIESIS em 2022 (orientando projetos teatrais nas cidades de Tup\u00e3, Franca e S\u00e3o Jos\u00e9 dos Campos) e em 2023 (orientando projetos teatrais nas cidades de S\u00e3o Jos\u00e9 dos Campos, Araraquara e Campinas).<br \/>\nDirigiu \u201cCOLCH\u00c3O DE VER ESTRELAS\u201d (2024, Coletivo Emaranhados), \u201cCABAR\u00c9 DAS FORTES\u201d (2023, Projeto Penha, contemplado com o FICC 2022); \u201cANDARINA\u201d de Maria Fernanda (2020), \u201cA VOLTA DO MUNDO \u00c9 GRANDE\u201d da Cia Benedita na Estrada (2016), o solo ISABELITA (2007) e o duo BRASIL MENINO (premiado com o FICC \u2013 Fundo de Investimento a Cultura de Campinas \u2013 2008\/2009) da Cia Berro d\u2019\u00e1gua de Campinas-SP, grupo que fundou e fez parte de 2007 a 2011.<br \/>\nIntegrou o N\u00facleo FEVERESTIVAL \u2013 Festival Internacional de Teatro de Campinas \u2013 de 2008 a 2015 e o N\u00facleo de Produ\u00e7\u00e3o da Boa Companhia\u00a0de\u00a02009\u00a0a\u00a02011.<\/p>","protected":false},"excerpt":{"rendered":"<p>Atriz e pesquisadora do Grupo Matula Teatro desde 2011, atuando em diversos espet\u00e1culos e interven\u00e7\u00f5es: T\u00c1 NA MESA (2023), LOGO ALI (2020), COMO SE FOSSE (2020), AGDA (2017), UM CONTO INFINITO (2016), JOGOS CORTAZIANOS (2015), IMAGO \u2013 UMA LUA N\u2019\u00c1GUA (2014), CIRCO K (2012), EXILIUS (2012) e PASSAGENS (2011). \u00c9 gestora e produtora respons\u00e1vel pelo [&hellip;]<\/p>","protected":false},"author":1,"featured_media":0,"parent":0,"menu_order":0,"comment_status":"closed","ping_status":"closed","template":"","meta":{"footnotes":""},"class_list":["post-9542","page","type-page","status-publish","hentry"],"_links":{"self":[{"href":"https:\/\/grupomatulateatro.com\/es\/wp-json\/wp\/v2\/pages\/9542","targetHints":{"allow":["GET"]}}],"collection":[{"href":"https:\/\/grupomatulateatro.com\/es\/wp-json\/wp\/v2\/pages"}],"about":[{"href":"https:\/\/grupomatulateatro.com\/es\/wp-json\/wp\/v2\/types\/page"}],"author":[{"embeddable":true,"href":"https:\/\/grupomatulateatro.com\/es\/wp-json\/wp\/v2\/users\/1"}],"replies":[{"embeddable":true,"href":"https:\/\/grupomatulateatro.com\/es\/wp-json\/wp\/v2\/comments?post=9542"}],"version-history":[{"count":3,"href":"https:\/\/grupomatulateatro.com\/es\/wp-json\/wp\/v2\/pages\/9542\/revisions"}],"predecessor-version":[{"id":10449,"href":"https:\/\/grupomatulateatro.com\/es\/wp-json\/wp\/v2\/pages\/9542\/revisions\/10449"}],"wp:attachment":[{"href":"https:\/\/grupomatulateatro.com\/es\/wp-json\/wp\/v2\/media?parent=9542"}],"curies":[{"name":"wp","href":"https:\/\/api.w.org\/{rel}","templated":true}]}}