{"id":9531,"date":"2021-11-08T14:12:59","date_gmt":"2021-11-08T17:12:59","guid":{"rendered":"https:\/\/grupomatulateatro.com\/?page_id=9531"},"modified":"2024-07-15T11:38:07","modified_gmt":"2024-07-15T14:38:07","slug":"alice-possani","status":"publish","type":"page","link":"https:\/\/grupomatulateatro.com\/es\/alice-possani\/","title":{"rendered":"Alice Possani"},"content":{"rendered":"<p><img loading=\"lazy\" decoding=\"async\" class=\"alignleft wp-image-9821 size-medium\" src=\"https:\/\/grupomatulateatro.com\/wp-content\/uploads\/2021\/11\/alice-300x300.jpg\" alt=\"\" width=\"300\" height=\"300\" srcset=\"https:\/\/grupomatulateatro.com\/wp-content\/uploads\/2021\/11\/alice-300x300.jpg 300w, https:\/\/grupomatulateatro.com\/wp-content\/uploads\/2021\/11\/alice-150x150.jpg 150w, https:\/\/grupomatulateatro.com\/wp-content\/uploads\/2021\/11\/alice.jpg 500w\" sizes=\"auto, (max-width: 300px) 100vw, 300px\" \/>Alice Possani \u00e9 atriz, professora de teatro e diretora, com Doutorado em Artes da Cena pela UNICAMP.Integrante do Grupo Matula Teatro desde sua funda\u00e7\u00e3o, \u00e9 atriz de diversos espet\u00e1culos do grupo, com destaque para T\u00e1 na Mesa (2023), Como se Fosse (2020), Um Conto Infinito (2016), Jogos Cortazianos \u2013 instru\u00e7\u00f5es para desaparecer (2015), Agda (2011) e Passagens (2011). Junto com o Matula, vem se apresentando em festivais, mostras e eventos no Brasil e no exterior, com destaque para Alemanha, Portugal e Chile.<\/p>\n<p>Como diretora convidada, dirigiu SerT\u00e3o de Origem (contemplado pelo Pr\u00eamio de Est\u00edmulo ao Teatro do Munic\u00edpio de Jundia\u00ed, SP, 2015 \/ Proac Circula\u00e7\u00e3o de Teatro 2019 \/ Edital CCR 2019 \/ Viagem Teatral Sesi 2023); And\u00eamos (Gato Coletivo Teatral, Hortol\u00e2ndia, SP, contemplado com o Proac Montagem de Espet\u00e1culo In\u00e9dito em 2017 e que em 2019 realizou turn\u00ea pelo M\u00e9xico, com apresenta\u00e7\u00f5es na Cidade do M\u00e9xico, em Puebla e Cuernavaca). Tamb\u00e9m dirigiu Mig Meg Mug (2021, Manifesta Companhia, contemplado com Edital Proac para Montagem em 2021 e circula\u00e7\u00e3o em 2024; e o espet\u00e1culo Hora H (2024, com atua\u00e7\u00e3o de Laura Argento).<\/p>\n<p>\u00c9 professora no Departamento de Artes C\u00eanicas da Unicamp, nas \u00e1reas de Interpreta\u00e7\u00e3o, Dire\u00e7\u00e3o Teatral e Produ\u00e7\u00e3o Cultural.Foi professora de Interpreta\u00e7\u00e3o e Express\u00e3o Corporal do Curso Profissionalizante de Teatro do Conservat\u00f3rio Carlos Gomes, em Campinas, onde tamb\u00e9m dirigiu diversas montagens de formatura (de 2008 a 2018). Foi professora da Escola de Artes Augusto Boal (2015), respons\u00e1vel pela disciplina Montagem I do Curso de Forma\u00e7\u00e3o em Arte Dram\u00e1tica.<\/p>\n<p>Realizou a sele\u00e7\u00e3o e prepara\u00e7\u00e3o de elenco do curta de fic\u00e7\u00e3o SP Railway, do premiado diretor e roteirista Marcelo Muller, que estreou no Festival Internacional de Curtas de S\u00e3o Paulo, em 2009.<\/p>\n<p>Trabalhou como j\u00fari e debatedora em Festivais e Mostras de Teatro do interior paulista, como o Festival de Teatro de Pirassununga (2007 e 2008), Mostra de Teatro de Americana (2008) e Mostra de Teatro de Santa B\u00e1rbara (2011 e 2012), Festival de Circo Transversal (2018).<\/p>\n<p>\u00c9 uma das gestoras do Espa\u00e7o Cultural Rosa dos Ventos, que desde 2008 abriga as pr\u00e1ticas do grupo Matula e de outros coletivos teatrais em Campinas, SP. Integrante do FLIGSP &#8211; F\u00f3rum do Litoral, Interior e Grande S\u00e3o Paulo e do Conselho de Pol\u00edtica Cultural de Campinas.<\/p>","protected":false},"excerpt":{"rendered":"<p>Alice Possani \u00e9 atriz, professora de teatro e diretora, com Doutorado em Artes da Cena pela UNICAMP.Integrante do Grupo Matula Teatro desde sua funda\u00e7\u00e3o, \u00e9 atriz de diversos espet\u00e1culos do grupo, com destaque para T\u00e1 na Mesa (2023), Como se Fosse (2020), Um Conto Infinito (2016), Jogos Cortazianos \u2013 instru\u00e7\u00f5es para desaparecer (2015), Agda (2011) [&hellip;]<\/p>","protected":false},"author":1,"featured_media":0,"parent":0,"menu_order":0,"comment_status":"closed","ping_status":"closed","template":"","meta":{"footnotes":""},"class_list":["post-9531","page","type-page","status-publish","hentry"],"_links":{"self":[{"href":"https:\/\/grupomatulateatro.com\/es\/wp-json\/wp\/v2\/pages\/9531","targetHints":{"allow":["GET"]}}],"collection":[{"href":"https:\/\/grupomatulateatro.com\/es\/wp-json\/wp\/v2\/pages"}],"about":[{"href":"https:\/\/grupomatulateatro.com\/es\/wp-json\/wp\/v2\/types\/page"}],"author":[{"embeddable":true,"href":"https:\/\/grupomatulateatro.com\/es\/wp-json\/wp\/v2\/users\/1"}],"replies":[{"embeddable":true,"href":"https:\/\/grupomatulateatro.com\/es\/wp-json\/wp\/v2\/comments?post=9531"}],"version-history":[{"count":3,"href":"https:\/\/grupomatulateatro.com\/es\/wp-json\/wp\/v2\/pages\/9531\/revisions"}],"predecessor-version":[{"id":10323,"href":"https:\/\/grupomatulateatro.com\/es\/wp-json\/wp\/v2\/pages\/9531\/revisions\/10323"}],"wp:attachment":[{"href":"https:\/\/grupomatulateatro.com\/es\/wp-json\/wp\/v2\/media?parent=9531"}],"curies":[{"name":"wp","href":"https:\/\/api.w.org\/{rel}","templated":true}]}}