{"id":9397,"date":"2021-10-25T10:02:26","date_gmt":"2021-10-25T13:02:26","guid":{"rendered":"https:\/\/grupomatulateatro.com\/?page_id=9397"},"modified":"2025-06-18T10:42:16","modified_gmt":"2025-06-18T13:42:16","slug":"agda","status":"publish","type":"page","link":"https:\/\/grupomatulateatro.com\/es\/agda\/","title":{"rendered":"AGDA"},"content":{"rendered":"<div id=\"fws_69f225d2a4f4d\" class=\"wpb_row vc_row vc_row-fluid  animate_onoffset row-dynamic-el standard_section    normal\"  style=\"background-color: #ffffff; \"><div  style=\"position: absolute;top: 0;\"><\/div><div class=\"container  dark\"><div class=\"section_clear\"><div class=\"wpb_column column_container wpb_column vc_column_container vc_col-sm-12\"><div class=\"vc_column-inner\"  style=\"\" data-animation=\"none\" data-delay=\"\"><div class=\"wpb_wrapper\"><div class=\"wpb_content_element block_title section_title inner-square\"><span class=\"divider\"><span class=\"line\"><\/span><\/span><h1>MATERIAL DE DIVULGACI\u00d3N<\/h1><p style=\"padding:0 ;\">El espect\u00e1culo AGDA, fruto de la s\u00f3lida colaboraci\u00f3n entre los grupos Matula Teatro y Boa Companhia, aborda aspectos fundamentales de la existencia humana, como lo finito de la vida y la aparente incompatibilidad entre los deseos del cuerpo y del esp\u00edritu, entre lo sagrado y lo profano, temas recurrentes en la obra de Hilda Hilst.<\/p><\/div>\n\t<div class=\"wpb_text_column wpb_content_element\">\n\t\t<div class=\"wpb_wrapper\">\n\t\t\t<p style=\"text-align: center;\">El elenco representa los personajes femeninos y masculinos (en una escala arquet\u00edpica de \u00e1nima y animus) personificando esas dos energ\u00edas opuestas y complementarias. En el desequilibrado mundo actual, el animus oprime al \u00e1nima, lo cual genera una violencia que permea las relaciones interpersonales y de las personas con el resto de la naturaleza.\nLa voz femenina, l\u00edrica y angustiada de AGDA se contrapone a ese estado de las cosas, para afirmar su singularidad y demostrar con su \u201cfuerza no-violenta\u201d la b\u00fasqueda eterna del conocimiento y la trascendencia, lo que hace a\u00fan m\u00e1s valioso el desaf\u00edo de montar este texto en la actualidad.\nFue estrenada en 2011 y, aunque han pasado 10 a\u00f1os, sigue tratando una tem\u00e1tica extremadamente urgente y actual. El espect\u00e1culo ha viajado por varias ciudades y estados brasile\u00f1os, present\u00e1ndose en espacios del SESC (Servicio Social del Comercio), del Sesi (Servicio Social de la Industria), en festivales y con el apoyo del Proac (Programa de Acci\u00f3n Cultural). Tambi\u00e9n fue de gira a \u00c9vora\/Portugal a trav\u00e9s del programa de internacionalizaci\u00f3n del extinguido MINC - Ministerio de Cultura.<\/p>\n\n\t\t<\/div> \n\t<\/div> <\/div><\/div><\/div><\/div><\/div><\/div><div id=\"fws_69f225d2a983b\" class=\"wpb_row vc_row vc_row-fluid  animate_onoffset row-dynamic-el section-style  .novo  normal\"  style=\"background-image: url(https:\/\/grupomatulateatro.com\/wp-content\/uploads\/2021\/11\/Banner-Espeta\u0301culo-Agda.jpg); background-position: left top; background-repeat: no-repeat; background-size: cover; \"><div id=\".novo\" style=\"position: absolute;top: 0;\"><\/div><div class=\"container  dark\"><div class=\"section_clear\"><div class=\"wpb_column column_container wpb_column vc_column_container vc_col-sm-12\"><div class=\"vc_column-inner vc_custom_1635172006402\"  style=\"\" data-animation=\"none\" data-delay=\"\"><div class=\"wpb_wrapper\"><div class=\"vc_empty_space\"   style=\"height: 500px\"><span class=\"vc_empty_space_inner\"><\/span><\/div><\/div><\/div><\/div><\/div><\/div><\/div><div id=\"fws_69f225d2aa7f3\" class=\"wpb_row vc_row vc_row-fluid  animate_onoffset row-dynamic-el standard_section    normal\"  style=\"background-color: #702c4d; padding-top: 50px ; padding-bottom: 30px ; \"><div  style=\"position: absolute;top: 0;\"><\/div><div class=\"container  dark\"><div class=\"section_clear\"><div class=\"wpb_column column_container wpb_column vc_column_container vc_col-sm-6\"><div class=\"vc_column-inner\"  style=\" color: #ffffff;\" data-animation=\"none\" data-delay=\"\"><div class=\"wpb_wrapper\">\n\t<div class=\"wpb_text_column wpb_content_element\">\n\t\t<div class=\"wpb_wrapper\">\n\t\t\t<p><strong>SINOPSIS<\/strong><\/p>\n<p>El espect\u00e1culo AGDA es una adaptaci\u00f3n del cuento hom\u00f3nimo de Hilda Hilst, una f\u00e1bula atemporal de car\u00e1cter tr\u00e1gico. Esta historia de una mujer que rompe tab\u00faes y provoca la ira de la comunidad donde vive, nos sirve de met\u00e1fora para reflexionar sobre la l\u00f3gica patriarcal y violenta del mundo contempor\u00e1neo, que no deja espacio para que exista la gentileza y el cuidado. Para encarnarlo, la puesta en escena combina elementos de teatro y danza, adem\u00e1s, transita entre la prosa y la poes\u00eda con un delicado juego de im\u00e1genes y personajes.<\/p>\n\n\t\t<\/div> \n\t<\/div> <\/div><\/div><\/div><div class=\"wpb_column column_container wpb_column vc_column_container vc_col-sm-3\"><div class=\"vc_column-inner\"  style=\" color: #ffffff;\" data-animation=\"none\" data-delay=\"\"><div class=\"wpb_wrapper\">\n\t<div class=\"wpb_text_column wpb_content_element\">\n\t\t<div class=\"wpb_wrapper\">\n\t\t\t<p>Int\u00e9rpretes: Alice Possani, Erika Cunha y Ver\u00f4nica Fabrini<\/p>\n<p>Texto original: Hilda Hilst<\/p>\n<p>Direcci\u00f3n y adaptaci\u00f3n: Moacir Ferraz<\/p>\n<p>Iluminaci\u00f3n: Moacir Ferraz<\/p>\n<p>Figurinos: Juliana Pfeifer e San Pestana<\/p>\n<p>Escenograf\u00eda: Juliana Pfeifer<\/p>\n\n\t\t<\/div> \n\t<\/div> <\/div><\/div><\/div><div class=\"wpb_column column_container wpb_column vc_column_container vc_col-sm-3\"><div class=\"vc_column-inner\"  style=\" color: #ffffff;\" data-animation=\"none\" data-delay=\"\"><div class=\"wpb_wrapper\">\n\t<div class=\"wpb_text_column wpb_content_element\">\n\t\t<div class=\"wpb_wrapper\">\n\t\t\t<p>Espacio sonoro: Mauro Braga y Silas Oliveira<\/p>\n<p>Fotograf\u00eda: Maycon Soldan<\/p>\n<p>Produ\u00e7\u00e3o: Matula Teatro<\/p>\n<p>Realizaci\u00f3n: Grupo Matula Teatro y Boa Companhia<\/p>\n<p>Duraci\u00f3n: 60 min<\/p>\n<p>Clasificaci\u00f3n: 18 a\u00f1os.<\/p>\n\n\t\t<\/div> \n\t<\/div> <\/div><\/div><\/div><\/div><\/div><\/div><div id=\"fws_69f225d2ac1ab\" class=\"wpb_row vc_row vc_row-fluid  animate_onoffset row-dynamic-el standard_section    normal\"  style=\"\"><div  style=\"position: absolute;top: 0;\"><\/div><div class=\"container  dark\"><div class=\"section_clear\"><div class=\"wpb_column column_container centered_col wpb_column vc_column_container vc_col-sm-12\"><div class=\"vc_column-inner\"  style=\"\" data-animation=\"none\" data-delay=\"\"><div class=\"wpb_wrapper\">\n<div class=\"vc_grid-container-wrapper vc_clearfix vc_grid-animation-fadeIn\">\n\t<div class=\"vc_grid-container vc_clearfix wpb_content_element vc_media_grid\" data-initial-loading-animation=\"fadeIn\" data-vc-grid-settings=\"{&quot;page_id&quot;:9397,&quot;style&quot;:&quot;all&quot;,&quot;action&quot;:&quot;vc_get_vc_grid_data&quot;,&quot;shortcode_id&quot;:&quot;1750254108225-b4d298db-71cc-5&quot;,&quot;tag&quot;:&quot;vc_media_grid&quot;}\" data-vc-request=\"https:\/\/grupomatulateatro.com\/wp-admin\/admin-ajax.php\" data-vc-post-id=\"9397\" data-vc-public-nonce=\"7f4663c533\">\n\t\t\n\t<\/div>\n<\/div><\/div><\/div><\/div><\/div><\/div><\/div><div id=\"fws_69f225d2b337c\" class=\"wpb_row vc_row vc_row-fluid  animate_onoffset row-dynamic-el standard_section    normal\"  style=\"\"><div  style=\"position: absolute;top: 0;\"><\/div><div class=\"container  dark\"><div class=\"section_clear\"><div class=\"wpb_column column_container wpb_column vc_column_container vc_col-sm-12\"><div class=\"vc_column-inner\"  style=\"\" data-animation=\"none\" data-delay=\"\"><div class=\"wpb_wrapper\">\n\t<div class=\"wpb_text_column wpb_content_element\">\n\t\t<div class=\"wpb_wrapper\">\n\t\t\t<h2 style=\"text-align: center;\"><strong>\u00bfQui\u00e9n fue Hilda Hilst?<\/strong><\/h2>\n<p style=\"text-align: center;\">Hilda Hilst (Ja\u00fa, 21 de abril de 1930 \u2014 Campinas, 4 de febrero de 2004) fue una escritora de ficci\u00f3n, cronista, dramaturga y poeta brasile\u00f1a, considerada por la cr\u00edtica especializada como una de las escritoras lusoparlantes m\u00e1s relevantes del siglo 20. En sus obras represent\u00f3 la fr\u00e1gil y sorprendente condici\u00f3n humana, mezclando lo sagrado y lo profano junto a lo real y lo imaginario.<br \/>\nEn 1965 se mud\u00f3 a la ciudad de Campinas y cre\u00f3 un espacio de refugio creativo al que llam\u00f3 la CASA DO SOL. All\u00ed Hilda se dedic\u00f3 de forma exclusiva al trabajo literario y produjo m\u00e1s del 80% de su obra. En la actualidad, la Casa do Sol es conocida por albergar una colecci\u00f3n de su trabajo y el Instituto Hilda Hilst.<br \/>\nFue la autora homenajeada en la FLIP 2018 (Feria Literaria Internacional de Paraty\/R\u00edo de Janeiro) y recibi\u00f3 premios como el Jabuti, el APCA (Asociaci\u00f3n Paulista de Cr\u00edticos de Artes), el Pen Clube S\u00e3o Paulo y el Cassiano Ricardo. Sus obras han sido traducidas al ingl\u00e9s, franc\u00e9s, espa\u00f1ol, euskera, alem\u00e1n, italiano, noruego y japon\u00e9s. Es considerada una de las grandes autoras brasile\u00f1as del siglo XX.<\/p>\n<h2 style=\"text-align: center;\"><strong>Cr\u00edticas - Prensa<\/strong><\/h2>\n<p style=\"text-align: center;\">\u201c\u2026la fuerza de las palabras pronunciadas por las vigorosas interpretaciones de las tres actrices, nos alcanza como si fu\u00e9ramos aguas estancadas agitadas por un fuerte viento\u201d. (Ednaldo Freire)<br \/>\n\u201cla potente transcreaci\u00f3n dram\u00e1tica (\u2026) no solo conserva la naturaleza h\u00edbrida del cuento de Hilda Hilst, en el que se mezclan los lenguajes dram\u00e1tico, narrativo y l\u00edrico, sino que tambi\u00e9n mantiene toda la intensidad de su escritura. Esto hace que gane valiosos matices al jugar con la poes\u00eda y los cuerpos que transitan entre las energ\u00edas masculina y femenina, entre lo humano y lo animal, entre lo profano y lo divino\u201d. (Nina Caetano)<br \/>\n\u201cUn espect\u00e1culo muy exitoso. Direcci\u00f3n rica en dise\u00f1os esc\u00e9nicos y en la conducci\u00f3n de las actrices. Buenas interpretaciones, buen dominio del cuerpo. Un trabajo serio, lo cual siempre es un placer ver\u201d. (Roberto Lage)<\/p>\n\n\t\t<\/div> \n\t<\/div> <\/div><\/div><\/div><\/div><\/div><\/div><div id=\"fws_69f225d2b3aef\" class=\"wpb_row vc_row vc_row-fluid  animate_onoffset row-dynamic-el standard_section    normal\"  style=\"\"><div  style=\"position: absolute;top: 0;\"><\/div><div class=\"container  dark\"><div class=\"section_clear\"><div class=\"wpb_column column_container wpb_column vc_column_container vc_col-sm-2\"><div class=\"vc_column-inner\"  style=\"\" data-animation=\"none\" data-delay=\"\"><div class=\"wpb_wrapper\"><\/div><\/div><\/div><div class=\"wpb_column column_container wpb_column vc_column_container vc_col-sm-8\"><div class=\"vc_column-inner\"  style=\"\" data-animation=\"none\" data-delay=\"\"><div class=\"wpb_wrapper\">\n\t<div class=\"wpb_video_widget wpb_content_element vc_clearfix   vc_video-aspect-ratio-169 vc_video-el-width-100 vc_video-align-left\" >\n\t\t<div class=\"wpb_wrapper\">\n\t\t\t\n\t\t\t<div class=\"wpb_video_wrapper\"><iframe loading=\"lazy\" title=\"Agda\" width=\"940\" height=\"529\" src=\"https:\/\/www.youtube.com\/embed\/MqKpL17DFNg?feature=oembed\" frameborder=\"0\" allow=\"accelerometer; autoplay; clipboard-write; encrypted-media; gyroscope; picture-in-picture\" allowfullscreen><\/iframe><\/div>\n\t\t<\/div>\n\t<\/div>\n<\/div><\/div><\/div><div class=\"wpb_column column_container wpb_column vc_column_container vc_col-sm-2\"><div class=\"vc_column-inner\"  style=\"\" data-animation=\"none\" data-delay=\"\"><div class=\"wpb_wrapper\"><\/div><\/div><\/div><\/div><\/div><\/div>","protected":false},"excerpt":{"rendered":"ReleaseFruto da s\u00f3lida parceria entre os grupos Matula Teatro e Boa Companhia, o espet\u00e1culo AGDA, aborda quest\u00f5es fundamentais da exist\u00eancia humana, como a finitude da vida e a aparente incompatibilidade entre os desejos do corpo e do esp\u00edrito, entre o sagrado e o profano, temas recorrentes na obra de Hilda Hilst. O elenco representa os [...]","protected":false},"author":1,"featured_media":0,"parent":0,"menu_order":0,"comment_status":"closed","ping_status":"closed","template":"","meta":{"footnotes":""},"class_list":["post-9397","page","type-page","status-publish","hentry"],"_links":{"self":[{"href":"https:\/\/grupomatulateatro.com\/es\/wp-json\/wp\/v2\/pages\/9397","targetHints":{"allow":["GET"]}}],"collection":[{"href":"https:\/\/grupomatulateatro.com\/es\/wp-json\/wp\/v2\/pages"}],"about":[{"href":"https:\/\/grupomatulateatro.com\/es\/wp-json\/wp\/v2\/types\/page"}],"author":[{"embeddable":true,"href":"https:\/\/grupomatulateatro.com\/es\/wp-json\/wp\/v2\/users\/1"}],"replies":[{"embeddable":true,"href":"https:\/\/grupomatulateatro.com\/es\/wp-json\/wp\/v2\/comments?post=9397"}],"version-history":[{"count":2,"href":"https:\/\/grupomatulateatro.com\/es\/wp-json\/wp\/v2\/pages\/9397\/revisions"}],"predecessor-version":[{"id":10445,"href":"https:\/\/grupomatulateatro.com\/es\/wp-json\/wp\/v2\/pages\/9397\/revisions\/10445"}],"wp:attachment":[{"href":"https:\/\/grupomatulateatro.com\/es\/wp-json\/wp\/v2\/media?parent=9397"}],"curies":[{"name":"wp","href":"https:\/\/api.w.org\/{rel}","templated":true}]}}