{"id":9478,"date":"2021-10-25T13:33:21","date_gmt":"2021-10-25T16:33:21","guid":{"rendered":"https:\/\/grupomatulateatro.com\/?page_id=9478"},"modified":"2024-08-10T10:52:17","modified_gmt":"2024-08-10T13:52:17","slug":"passagens","status":"publish","type":"page","link":"https:\/\/grupomatulateatro.com\/en\/passagens\/","title":{"rendered":"Passagens"},"content":{"rendered":"<div id=\"fws_69f22b0021399\" class=\"wpb_row vc_row vc_row-fluid  animate_onoffset row-dynamic-el standard_section    normal\"  style=\"background-color: #ffffff; \"><div  style=\"position: absolute;top: 0;\"><\/div><div class=\"container  dark\"><div class=\"section_clear\"><div class=\"wpb_column column_container wpb_column vc_column_container vc_col-sm-12\"><div class=\"vc_column-inner\"  style=\"\" data-animation=\"none\" data-delay=\"\"><div class=\"wpb_wrapper\"><div class=\"wpb_content_element block_title section_title inner-square\"><span class=\"divider\"><span class=\"line\"><\/span><\/span><h1>RELEASE<\/h1><\/div>\n\t<div class=\"wpb_text_column wpb_content_element\">\n\t\t<div class=\"wpb_wrapper\">\n\t\t\t<p>PASSAGES is an itinerant poetic intervention that takes place in urban spaces such as sidewalks, alleys, parks, squares and communal areas.<br \/>\nIt is a stroll through the poetic universe of Hilda Hilst's work, which offers spectators an encounter stamped by lyricism and humor. Poems, fragments of tales and soap operas are shared with the spectator, who sometimes follows the actresses, sometimes watches the scenes, and sometimes becomes a part of it.<br \/>\nThe intervention invests in the experience of presence as an event and in the urban landscape interference that proposes a delicate encounter between art and daily life.<\/p>\n<p>O espet\u00e1culo circulou por diversas cidades e estados brasileiros (SESCs, Sesis, Festivais e Proac Editais), al\u00e9m de apresenta\u00e7\u00f5es realizadas em \u00c9vora\/Portugal (atrav\u00e9s do programa de Internacionaliza\u00e7\u00e3o do extinto MINC).<\/p>\n\n\t\t<\/div> \n\t<\/div> <\/div><\/div><\/div><\/div><\/div><\/div><div id=\"fws_69f22b0022c69\" class=\"wpb_row vc_row vc_row-fluid  animate_onoffset row-dynamic-el section-style  .novo  normal\"  style=\"background-image: url(https:\/\/grupomatulateatro.com\/wp-content\/uploads\/2021\/11\/Banner-Espeta\u0301culo-Passagens.jpg); background-position: left top; background-repeat: no-repeat; background-size: cover; \"><div id=\".novo\" style=\"position: absolute;top: 0;\"><\/div><div class=\"container  dark\"><div class=\"section_clear\"><div class=\"wpb_column column_container wpb_column vc_column_container vc_col-sm-12\"><div class=\"vc_column-inner vc_custom_1635172006402\"  style=\"\" data-animation=\"none\" data-delay=\"\"><div class=\"wpb_wrapper\"><div class=\"vc_empty_space\"   style=\"height: 500px\"><span class=\"vc_empty_space_inner\"><\/span><\/div><\/div><\/div><\/div><\/div><\/div><\/div><div id=\"fws_69f22b0023538\" class=\"wpb_row vc_row vc_row-fluid  animate_onoffset row-dynamic-el standard_section    normal\"  style=\"background-color: #680909; padding-top: 50px ; padding-bottom: 30px ; \"><div  style=\"position: absolute;top: 0;\"><\/div><div class=\"container  dark\"><div class=\"section_clear\"><div class=\"wpb_column column_container wpb_column vc_column_container vc_col-sm-6\"><div class=\"vc_column-inner\"  style=\" color: #ffffff;\" data-animation=\"none\" data-delay=\"\"><div class=\"wpb_wrapper\">\n\t<div class=\"wpb_text_column wpb_content_element\">\n\t\t<div class=\"wpb_wrapper\">\n\t\t\t<p><strong>SYNOPSIS<\/strong><\/p>\n<p>PASSAGES is an itinerant poetic intervention that takes place in urban spaces such as sidewalks, alleys, parks, squares and communal areas.<br \/>\nIt is a stroll through the poetic universe of Hilda Hilst's work, which offers spectators an encounter stamped by lyricism and humor. Poems, fragments of tales and soap operas are shared with the spectator, who sometimes follows the actresses, sometimes watches the scenes, and sometimes becomes a part of it.<br \/>\nThe path is defined according to the specifics of the place where it is being presented. A few stops where the encounters occur are previously established. These encounters are divided into 3 stages: compositions of body and space (the actresses create images together with the space); poems close to the ear (poems are whisperedin a one-to-one relation to the spectator); and in the third stage the theatrical space is settled with the text of \"The Obscene Lady D\u201d.<br \/>\nThe intervention invests in the experience of presence as an event and in the urban landscape interference that proposes a delicate encounter between art and daily life. <\/p>\n\n\t\t<\/div> \n\t<\/div> <\/div><\/div><\/div><div class=\"wpb_column column_container wpb_column vc_column_container vc_col-sm-6\"><div class=\"vc_column-inner\"  style=\" color: #ffffff;\" data-animation=\"none\" data-delay=\"\"><div class=\"wpb_wrapper\">\n\t<div class=\"wpb_text_column wpb_content_element\">\n\t\t<div class=\"wpb_wrapper\">\n\t\t\t<p>Cast: Alice Possani, Erika Cunha and Quesia Botelho<\/p>\n<p>Musician: \u00c9rico Damineli<\/p>\n<p>Direction: Moacir Ferraz<\/p>\n<p>Costume Design: Anna K\u00fchl and Isabel Graciano<\/p>\n<p>Produ\u00e7\u00e3o: Matula Teatro<\/p>\n<p>Partnership: Hilda Hilst Institute<\/p>\n<p>Length: 60 minutes, spread across stations or takes.<\/p>\n<p>Age Rating: 14 years old<\/p>\n\n\t\t<\/div> \n\t<\/div> <\/div><\/div><\/div><\/div><\/div><\/div><div id=\"fws_69f22b0024133\" class=\"wpb_row vc_row vc_row-fluid  animate_onoffset row-dynamic-el standard_section    normal\"  style=\"\"><div  style=\"position: absolute;top: 0;\"><\/div><div class=\"container  dark\"><div class=\"section_clear\"><div class=\"wpb_column column_container centered_col wpb_column vc_column_container vc_col-sm-12\"><div class=\"vc_column-inner\"  style=\"\" data-animation=\"none\" data-delay=\"\"><div class=\"wpb_wrapper\">\n<div class=\"vc_grid-container-wrapper vc_clearfix vc_grid-animation-fadeIn\">\n\t<div class=\"vc_grid-container vc_clearfix wpb_content_element vc_media_grid\" data-initial-loading-animation=\"fadeIn\" data-vc-grid-settings=\"{&quot;page_id&quot;:9478,&quot;style&quot;:&quot;all&quot;,&quot;action&quot;:&quot;vc_get_vc_grid_data&quot;,&quot;shortcode_id&quot;:&quot;1723297897349-fddb1b09-497a-6&quot;,&quot;tag&quot;:&quot;vc_media_grid&quot;}\" data-vc-request=\"https:\/\/grupomatulateatro.com\/wp-admin\/admin-ajax.php\" data-vc-post-id=\"9478\" data-vc-public-nonce=\"7f4663c533\">\n\t\t\n\t<\/div>\n<\/div><\/div><\/div><\/div><\/div><\/div><\/div><div id=\"fws_69f22b0024e7c\" class=\"wpb_row vc_row vc_row-fluid  animate_onoffset row-dynamic-el standard_section    normal\"  style=\"\"><div  style=\"position: absolute;top: 0;\"><\/div><div class=\"container  dark\"><div class=\"section_clear\"><div class=\"wpb_column column_container wpb_column vc_column_container vc_col-sm-12\"><div class=\"vc_column-inner\"  style=\"\" data-animation=\"none\" data-delay=\"\"><div class=\"wpb_wrapper\">\n\t<div class=\"wpb_text_column wpb_content_element\">\n\t\t<div class=\"wpb_wrapper\">\n\t\t\t<h2 style=\"text-align: center;\"><strong>Who was Hilda Hilst?<\/strong><\/h2>\n<p style=\"text-align: center;\">Hilda Hilst (Ja\u00fa, April 21st, 1930 \u2014 Campinas, February 4th, 2004) was a Brazilian novelist, chronicler, playwright and poet, considered by the specialized critics as one of the biggest Portuguese language writers of the 20th century, who reported the fragile and surprising human condition in her work, merging sacred and profane, real and imaginary.<br \/>\nIn 1965 she moved to Campinas, starting up a type of creative haven, which she called CASA DO SOL (\u2018Sun\u2019s house\u2019 in Portuguese). There, Hilda dedicated herself exclusively to her literary work, producing more than 80% of her work. Nowadays, Casa do Sol is known for hosting an archive of her memory as well as the the Hilda Hilst Institute.<br \/>\nShe was honoured as an author at FLIP 2018 (International Literary Festival of Paraty, Rio de Janeiro) and was granted awards such as Jabuti, APCA (Associa\u00e7\u00e3o Paulista dos Cr\u00edticos de Artes \u2013 Art Critics Association of S\u00e3o Paulo State), Pen Clube S\u00e3o Paulo and Cassiano Ricardo. Her work has been translated to English, French, Spanish, Basque, German, Italian, Norwegian and Japanese, and she is considered to be one of the biggest Brazilian female authors of the 20th Century.<\/p>\n\n\t\t<\/div> \n\t<\/div> <\/div><\/div><\/div><\/div><\/div><\/div>","protected":false},"excerpt":{"rendered":"Release PASSAGENS \u00e9 uma interven\u00e7\u00e3o po\u00e9tica itinerante que acontece em espa\u00e7os urbanos tais como cal\u00e7adas, vielas, parques, pra\u00e7as e espa\u00e7os de conviv\u00eancia. \u00c9 uma caminhada pelo universo po\u00e9tico da obra de Hilda Hilst, que oferece aos espectadores um encontro marcado pelo lirismo e pelo humor. Poemas, fragmentos de contos e novelas s\u00e3o compartilhados com o [...]","protected":false},"author":1,"featured_media":0,"parent":0,"menu_order":0,"comment_status":"closed","ping_status":"closed","template":"","meta":{"footnotes":""},"class_list":["post-9478","page","type-page","status-publish","hentry"],"_links":{"self":[{"href":"https:\/\/grupomatulateatro.com\/en\/wp-json\/wp\/v2\/pages\/9478","targetHints":{"allow":["GET"]}}],"collection":[{"href":"https:\/\/grupomatulateatro.com\/en\/wp-json\/wp\/v2\/pages"}],"about":[{"href":"https:\/\/grupomatulateatro.com\/en\/wp-json\/wp\/v2\/types\/page"}],"author":[{"embeddable":true,"href":"https:\/\/grupomatulateatro.com\/en\/wp-json\/wp\/v2\/users\/1"}],"replies":[{"embeddable":true,"href":"https:\/\/grupomatulateatro.com\/en\/wp-json\/wp\/v2\/comments?post=9478"}],"version-history":[{"count":4,"href":"https:\/\/grupomatulateatro.com\/en\/wp-json\/wp\/v2\/pages\/9478\/revisions"}],"predecessor-version":[{"id":10330,"href":"https:\/\/grupomatulateatro.com\/en\/wp-json\/wp\/v2\/pages\/9478\/revisions\/10330"}],"wp:attachment":[{"href":"https:\/\/grupomatulateatro.com\/en\/wp-json\/wp\/v2\/media?parent=9478"}],"curies":[{"name":"wp","href":"https:\/\/api.w.org\/{rel}","templated":true}]}}