{"id":9397,"date":"2021-10-25T10:02:26","date_gmt":"2021-10-25T13:02:26","guid":{"rendered":"https:\/\/grupomatulateatro.com\/?page_id=9397"},"modified":"2025-06-18T10:42:16","modified_gmt":"2025-06-18T13:42:16","slug":"agda","status":"publish","type":"page","link":"https:\/\/grupomatulateatro.com\/en\/agda\/","title":{"rendered":"AGDA"},"content":{"rendered":"<div id=\"fws_69f22672ce019\" class=\"wpb_row vc_row vc_row-fluid  animate_onoffset row-dynamic-el standard_section    normal\"  style=\"background-color: #ffffff; \"><div  style=\"position: absolute;top: 0;\"><\/div><div class=\"container  dark\"><div class=\"section_clear\"><div class=\"wpb_column column_container wpb_column vc_column_container vc_col-sm-12\"><div class=\"vc_column-inner\"  style=\"\" data-animation=\"none\" data-delay=\"\"><div class=\"wpb_wrapper\"><div class=\"wpb_content_element block_title section_title inner-square\"><span class=\"divider\"><span class=\"line\"><\/span><\/span><h1>RELEASE<\/h1><p style=\"padding:0 ;\">A result of the solid partnership between the groups Matula Teatro and Boa Companhia (Good Company in Portuguese), the show AGDA addresses fundamental human existence issues, such as the finiteness of life and the seeming incompatibility between body and spirit desires, between sacred and profane, recurring topics in Hilda Hilst\u2019s work.<\/p><\/div>\n\t<div class=\"wpb_text_column wpb_content_element\">\n\t\t<div class=\"wpb_wrapper\">\n\t\t\t<p style=\"text-align: center;\">The cast plays female and male characters \u2013 in an archetypal scale, anima and animus \u2013 embodying these two opposite and complimentary energies. In the unbalanced modern world, animus oppresses anima, resulting in such a violence that permeates the relationships between people and between people with nature. \nIt is against this state that the feminine, lyrical and anguished voice of AGDA poses itself on the affirmation of her singularity, in the demonstration of her \u2018non-violent power\u2019, in the eternal Search for knowledge, making the challenge of assembling the text nowadays even more valuable.\nIt premiered in 2011 and, even after 10 years of existence, it makes its subject extremely urgent and contemporary. The performance has travelled through several cities and states in Brazil (through projects involving SESCs, Sesis, Festivals and Proac Public projects), as well as shows in \u00c9vora, Portugal (through the Internationalization programme by the no longer existing Ministry of Culture).<\/p>\n\n\t\t<\/div> \n\t<\/div> <\/div><\/div><\/div><\/div><\/div><\/div><div id=\"fws_69f22672cf829\" class=\"wpb_row vc_row vc_row-fluid  animate_onoffset row-dynamic-el section-style  .novo  normal\"  style=\"background-image: url(https:\/\/grupomatulateatro.com\/wp-content\/uploads\/2021\/11\/Banner-Espeta\u0301culo-Agda.jpg); background-position: left top; background-repeat: no-repeat; background-size: cover; \"><div id=\".novo\" style=\"position: absolute;top: 0;\"><\/div><div class=\"container  dark\"><div class=\"section_clear\"><div class=\"wpb_column column_container wpb_column vc_column_container vc_col-sm-12\"><div class=\"vc_column-inner vc_custom_1635172006402\"  style=\"\" data-animation=\"none\" data-delay=\"\"><div class=\"wpb_wrapper\"><div class=\"vc_empty_space\"   style=\"height: 500px\"><span class=\"vc_empty_space_inner\"><\/span><\/div><\/div><\/div><\/div><\/div><\/div><\/div><div id=\"fws_69f22672d0281\" class=\"wpb_row vc_row vc_row-fluid  animate_onoffset row-dynamic-el standard_section    normal\"  style=\"background-color: #702c4d; padding-top: 50px ; padding-bottom: 30px ; \"><div  style=\"position: absolute;top: 0;\"><\/div><div class=\"container  dark\"><div class=\"section_clear\"><div class=\"wpb_column column_container wpb_column vc_column_container vc_col-sm-6\"><div class=\"vc_column-inner\"  style=\" color: #ffffff;\" data-animation=\"none\" data-delay=\"\"><div class=\"wpb_wrapper\">\n\t<div class=\"wpb_text_column wpb_content_element\">\n\t\t<div class=\"wpb_wrapper\">\n\t\t\t<p><strong>SYNOPSIS<\/strong><\/p>\n<p>A timeless fable of tragic character, AGDA show is an adaptation of Hilda Hilst\u2019s namesake tale. The story of the taboo-breaking Woman who brings her community\u2019s full wrath down, serves as a metaphor for a discussion over the contemporary world, whose patriarchal and violent logic does not give space to kindness or care. To that end, the enactment combines dance and drama elements, shifting through prose and poetry, in a delicate play of image and characters.<\/p>\n\n\t\t<\/div> \n\t<\/div> <\/div><\/div><\/div><div class=\"wpb_column column_container wpb_column vc_column_container vc_col-sm-3\"><div class=\"vc_column-inner\"  style=\" color: #ffffff;\" data-animation=\"none\" data-delay=\"\"><div class=\"wpb_wrapper\">\n\t<div class=\"wpb_text_column wpb_content_element\">\n\t\t<div class=\"wpb_wrapper\">\n\t\t\t<p>Cast: Alice Possani, Erika Cunha and Ver\u00f4nica Fabrini<\/p>\n<p>Original Text: Hilda Hilst<\/p>\n<p>Diretion and Adpatation: Moacir Ferraz<\/p>\n<p>Lighting Design: Moacir Ferraz<\/p>\n<p>Figurinos: Juliana Pfeifer e San Pestana<\/p>\n<p>Scenographic Technology: Juliana Pfeifer<\/p>\n\n\t\t<\/div> \n\t<\/div> <\/div><\/div><\/div><div class=\"wpb_column column_container wpb_column vc_column_container vc_col-sm-3\"><div class=\"vc_column-inner\"  style=\" color: #ffffff;\" data-animation=\"none\" data-delay=\"\"><div class=\"wpb_wrapper\">\n\t<div class=\"wpb_text_column wpb_content_element\">\n\t\t<div class=\"wpb_wrapper\">\n\t\t\t<p>Soundtrack: Mauro Braga and Silas Oliveira<\/p>\n<p>Photography: Maycon Soldan<\/p>\n<p>Produ\u00e7\u00e3o: Matula Teatro<\/p>\n<p>Provided by: Matula Teatro Group and Boa Companhia<\/p>\n<p>Length: 60 min<\/p>\n<p>Age Rating: 18 years old<\/p>\n\n\t\t<\/div> \n\t<\/div> <\/div><\/div><\/div><\/div><\/div><\/div><div id=\"fws_69f22672d1239\" class=\"wpb_row vc_row vc_row-fluid  animate_onoffset row-dynamic-el standard_section    normal\"  style=\"\"><div  style=\"position: absolute;top: 0;\"><\/div><div class=\"container  dark\"><div class=\"section_clear\"><div class=\"wpb_column column_container centered_col wpb_column vc_column_container vc_col-sm-12\"><div class=\"vc_column-inner\"  style=\"\" data-animation=\"none\" data-delay=\"\"><div class=\"wpb_wrapper\">\n<div class=\"vc_grid-container-wrapper vc_clearfix vc_grid-animation-fadeIn\">\n\t<div class=\"vc_grid-container vc_clearfix wpb_content_element vc_media_grid\" data-initial-loading-animation=\"fadeIn\" data-vc-grid-settings=\"{&quot;page_id&quot;:9397,&quot;style&quot;:&quot;all&quot;,&quot;action&quot;:&quot;vc_get_vc_grid_data&quot;,&quot;shortcode_id&quot;:&quot;1750254108225-b4d298db-71cc-5&quot;,&quot;tag&quot;:&quot;vc_media_grid&quot;}\" data-vc-request=\"https:\/\/grupomatulateatro.com\/wp-admin\/admin-ajax.php\" data-vc-post-id=\"9397\" data-vc-public-nonce=\"7f4663c533\">\n\t\t\n\t<\/div>\n<\/div><\/div><\/div><\/div><\/div><\/div><\/div><div id=\"fws_69f22672d3f3b\" class=\"wpb_row vc_row vc_row-fluid  animate_onoffset row-dynamic-el standard_section    normal\"  style=\"\"><div  style=\"position: absolute;top: 0;\"><\/div><div class=\"container  dark\"><div class=\"section_clear\"><div class=\"wpb_column column_container wpb_column vc_column_container vc_col-sm-12\"><div class=\"vc_column-inner\"  style=\"\" data-animation=\"none\" data-delay=\"\"><div class=\"wpb_wrapper\">\n\t<div class=\"wpb_text_column wpb_content_element\">\n\t\t<div class=\"wpb_wrapper\">\n\t\t\t<h2 style=\"text-align: center;\"><strong>Who was Hilda Hilst?<\/strong><\/h2>\n<p style=\"text-align: center;\">Hilda Hilst (Ja\u00fa, April 21st, 1930 \u2014 Campinas, February 4th, 2004) was a Brazilian novelist, chronicler, playwright and poet, considered by the specialized critics as one of the biggest Portuguese language writers of the 20th century, who reported the fragile and surprising human condition in her work, merging sacred and profane, real and imaginary.<br \/>\nIn 1965 she moved to Campinas, starting up a type of creative haven, which she called CASA DO SOL (\u2018Sun\u2019s house\u2019 in Portuguese). There, Hilda dedicated herself exclusively to her literary work, producing more than 80% of her work. Nowadays, Casa do Sol is known for hosting an archive of her memory as well as the the Hilda Hilst Institute.<br \/>\nShe was honoured as an author at FLIP 2018 (International Literary Festival of Paraty, Rio de Janeiro) and was granted awards such as Jabuti, APCA (Associa\u00e7\u00e3o Paulista dos Cr\u00edticos de Artes \u2013 Art Critics Association of S\u00e3o Paulo State), Pen Clube S\u00e3o Paulo and Cassiano Ricardo. Her work has been translated to English, French, Spanish, Basque, German, Italian, Norwegian and Japanese, and she is considered to be one of the biggest Brazilian female authors of the 20th Century.<\/p>\n<h2 style=\"text-align: center;\"><strong>Critics<\/strong><\/h2>\n<p style=\"text-align: center;\">\u201c\u2026the strength of the words uttered by the vigorous interpretation of the three actresses hits us as if we were still leaves that had been shaken by gale.\u201d (Ednaldo Freire)<br \/>\n\u201cThe powerful dramaturgical transcreation (\u2026) not only maintains the hybrid nature of Hilda Hilst\u2019s tale \u2013 in which the dramatic, narrative and lyrical aspects blend \u2013 as it also, still, conserves all the intensity of its writing, acquiring precious nuances throughout the game between poetry and the bodies that transit through the male and female energies, the human and the animal, the profane and the divine.\u201d (Nina Caetano)<br \/>\n\u201cVery successful show. The Direction is remarkable for its drama design and actresses managing. Good interpretations, good body mastering. A serious work, which is always a pleasure to watch.\u201d (Roberto Lage)<\/p>\n\n\t\t<\/div> \n\t<\/div> <\/div><\/div><\/div><\/div><\/div><\/div><div id=\"fws_69f22672d4602\" class=\"wpb_row vc_row vc_row-fluid  animate_onoffset row-dynamic-el standard_section    normal\"  style=\"\"><div  style=\"position: absolute;top: 0;\"><\/div><div class=\"container  dark\"><div class=\"section_clear\"><div class=\"wpb_column column_container wpb_column vc_column_container vc_col-sm-2\"><div class=\"vc_column-inner\"  style=\"\" data-animation=\"none\" data-delay=\"\"><div class=\"wpb_wrapper\"><\/div><\/div><\/div><div class=\"wpb_column column_container wpb_column vc_column_container vc_col-sm-8\"><div class=\"vc_column-inner\"  style=\"\" data-animation=\"none\" data-delay=\"\"><div class=\"wpb_wrapper\">\n\t<div class=\"wpb_video_widget wpb_content_element vc_clearfix   vc_video-aspect-ratio-169 vc_video-el-width-100 vc_video-align-left\" >\n\t\t<div class=\"wpb_wrapper\">\n\t\t\t\n\t\t\t<div class=\"wpb_video_wrapper\"><iframe loading=\"lazy\" title=\"Agda\" width=\"940\" height=\"529\" src=\"https:\/\/www.youtube.com\/embed\/MqKpL17DFNg?feature=oembed\" frameborder=\"0\" allow=\"accelerometer; autoplay; clipboard-write; encrypted-media; gyroscope; picture-in-picture\" allowfullscreen><\/iframe><\/div>\n\t\t<\/div>\n\t<\/div>\n<\/div><\/div><\/div><div class=\"wpb_column column_container wpb_column vc_column_container vc_col-sm-2\"><div class=\"vc_column-inner\"  style=\"\" data-animation=\"none\" data-delay=\"\"><div class=\"wpb_wrapper\"><\/div><\/div><\/div><\/div><\/div><\/div>","protected":false},"excerpt":{"rendered":"ReleaseFruto da s\u00f3lida parceria entre os grupos Matula Teatro e Boa Companhia, o espet\u00e1culo AGDA, aborda quest\u00f5es fundamentais da exist\u00eancia humana, como a finitude da vida e a aparente incompatibilidade entre os desejos do corpo e do esp\u00edrito, entre o sagrado e o profano, temas recorrentes na obra de Hilda Hilst. O elenco representa os [...]","protected":false},"author":1,"featured_media":0,"parent":0,"menu_order":0,"comment_status":"closed","ping_status":"closed","template":"","meta":{"footnotes":""},"class_list":["post-9397","page","type-page","status-publish","hentry"],"_links":{"self":[{"href":"https:\/\/grupomatulateatro.com\/en\/wp-json\/wp\/v2\/pages\/9397","targetHints":{"allow":["GET"]}}],"collection":[{"href":"https:\/\/grupomatulateatro.com\/en\/wp-json\/wp\/v2\/pages"}],"about":[{"href":"https:\/\/grupomatulateatro.com\/en\/wp-json\/wp\/v2\/types\/page"}],"author":[{"embeddable":true,"href":"https:\/\/grupomatulateatro.com\/en\/wp-json\/wp\/v2\/users\/1"}],"replies":[{"embeddable":true,"href":"https:\/\/grupomatulateatro.com\/en\/wp-json\/wp\/v2\/comments?post=9397"}],"version-history":[{"count":2,"href":"https:\/\/grupomatulateatro.com\/en\/wp-json\/wp\/v2\/pages\/9397\/revisions"}],"predecessor-version":[{"id":10445,"href":"https:\/\/grupomatulateatro.com\/en\/wp-json\/wp\/v2\/pages\/9397\/revisions\/10445"}],"wp:attachment":[{"href":"https:\/\/grupomatulateatro.com\/en\/wp-json\/wp\/v2\/media?parent=9397"}],"curies":[{"name":"wp","href":"https:\/\/api.w.org\/{rel}","templated":true}]}}